{"id":40,"date":"2024-10-29T20:38:08","date_gmt":"2024-10-29T20:38:08","guid":{"rendered":"https:\/\/kibedaboca.com.br\/?page_id=40"},"modified":"2026-03-25T03:29:52","modified_gmt":"2026-03-25T03:29:52","slug":"conheca-o-kibe-da-boca","status":"publish","type":"page","link":"https:\/\/kibedaboca.com.br\/","title":{"rendered":""},"content":{"rendered":"\t\t<div data-elementor-type=\"wp-page\" data-elementor-id=\"40\" class=\"elementor elementor-40\">\n\t\t\t\t<div class=\"elementor-element elementor-element-b7fed2f e-flex e-con-boxed e-con e-parent\" data-id=\"b7fed2f\" data-element_type=\"container\">\n\t\t\t\t\t<div class=\"e-con-inner\">\n\t\t\t\t<div class=\"elementor-element elementor-element-e2bb02d elementor-widget elementor-widget-video\" data-id=\"e2bb02d\" data-element_type=\"widget\" data-settings=\"{&quot;video_type&quot;:&quot;hosted&quot;,&quot;autoplay&quot;:&quot;yes&quot;,&quot;play_on_mobile&quot;:&quot;yes&quot;,&quot;mute&quot;:&quot;yes&quot;,&quot;loop&quot;:&quot;yes&quot;}\" data-widget_type=\"video.default\">\n\t\t\t\t<div class=\"elementor-widget-container\">\n\t\t\t\t\t<div class=\"e-hosted-video elementor-wrapper elementor-open-inline\">\n\t\t\t\t\t<video class=\"elementor-video\" src=\"https:\/\/kibedaboca.com.br\/wp-content\/uploads\/2026\/03\/Video-Site-Corte.mp4\" autoplay=\"\" loop=\"\" muted=\"muted\" playsinline=\"\" controlsList=\"nodownload\"><\/video>\n\t\t\t\t<\/div>\n\t\t\t\t<\/div>\n\t\t\t\t<\/div>\n\t\t\t\t\t<\/div>\n\t\t\t\t<\/div>\n\t\t<div class=\"elementor-element elementor-element-730a86b e-flex e-con-boxed e-con e-parent\" data-id=\"730a86b\" data-element_type=\"container\">\n\t\t\t\t\t<div class=\"e-con-inner\">\n\t\t\t\t<div class=\"elementor-element elementor-element-1881c7f elementor-widget elementor-widget-spacer\" data-id=\"1881c7f\" data-element_type=\"widget\" data-widget_type=\"spacer.default\">\n\t\t\t\t<div class=\"elementor-widget-container\">\n\t\t\t\t\t<div class=\"elementor-spacer\">\n\t\t\t<div class=\"elementor-spacer-inner\"><\/div>\n\t\t<\/div>\n\t\t\t\t<\/div>\n\t\t\t\t<\/div>\n\t\t\t\t\t<\/div>\n\t\t\t\t<\/div>\n\t\t<div class=\"elementor-element elementor-element-57ed837 e-flex e-con-boxed e-con e-parent\" data-id=\"57ed837\" data-element_type=\"container\">\n\t\t\t\t\t<div class=\"e-con-inner\">\n\t\t\t\t<div class=\"elementor-element elementor-element-18890cf elementor-invisible elementor-widget elementor-widget-text-editor\" data-id=\"18890cf\" data-element_type=\"widget\" data-settings=\"{&quot;_animation&quot;:&quot;slideInRight&quot;}\" data-widget_type=\"text-editor.default\">\n\t\t\t\t<div class=\"elementor-widget-container\">\n\t\t\t\t\t\t\t<p>O <strong>Kibe da Boca<\/strong> \u00e9 uma lanchonete tradicional de Curitiba, em atividade\u00a0<strong>desde 2005<\/strong>, reconhecida por um card\u00e1pio variado de<strong> lanches deliciosos<\/strong> e <strong>acess\u00edveis.\u00a0<\/strong>Aqui voc\u00ea saborear\u00e1; <strong>esfihas tradicionais e grandes<\/strong>, <strong>kibes assados e fritos<\/strong>, tradicionais ou recheados, <strong>kibe completo<\/strong>, <strong>kafta<\/strong>, <strong>pizzas brotinhos<\/strong> em diversos sabores,\u00a0<strong>bolinho de carne<\/strong>, al\u00e9m dos mais variados tipos de sobremesa, desde <strong>tradicionais folhados \u00e1rabes <\/strong>at\u00e9 <strong>tortas<\/strong>, <strong>bolos<\/strong> e <strong>doces variados<\/strong>.<\/p><p>Possu\u00edmos duas unidades em Curitiba <strong>pr\u00f3ximas ao cal\u00e7ad\u00e3o da Rua XV<\/strong>, com capacidade para atender toda sua fam\u00edlia com conforto e prontid\u00e3o!<\/p><div tabindex=\"0\" role=\"button\" aria-disabled=\"false\"><span class=\"_ap3a _aaco _aacu _aacx _aad7 _aade\" dir=\"auto\">Galeria Tijucas &#8211; Av. Luiz Xavier, 68<br \/>Seg \u00e0 Sex 07:45 \u00e0s 19:15 | S\u00e1bado 7:45 \u00e0s 15:15<br \/><\/span><\/div><div tabindex=\"0\" role=\"button\" aria-disabled=\"false\">\u00a0<\/div><div tabindex=\"0\" role=\"button\" aria-disabled=\"false\"><span class=\"_ap3a _aaco _aacu _aacx _aad7 _aade\" dir=\"auto\">Galeria Lustoza &#8211; Rua XV de Novembro, 556<br \/>Seg \u00e0 Sex 7:30 \u00e0s 19:15 | S\u00e1bado 7:30 \u00e0s 17:30<\/span><\/div><h3 class=\"_ap3a _aaco _aacu _aacy _aad6 _aade\" dir=\"auto\">\u00a0<\/h3>\t\t\t\t\t\t<\/div>\n\t\t\t\t<\/div>\n\t\t\t\t\t<\/div>\n\t\t\t\t<\/div>\n\t\t<div class=\"elementor-element elementor-element-cf91605 e-grid e-con-boxed e-con e-parent\" data-id=\"cf91605\" data-element_type=\"container\">\n\t\t\t\t\t<div class=\"e-con-inner\">\n\t\t\t\t<div class=\"elementor-element elementor-element-16a14fd elementor-invisible elementor-widget elementor-widget-image\" data-id=\"16a14fd\" data-element_type=\"widget\" data-settings=\"{&quot;_animation&quot;:&quot;zoomIn&quot;}\" data-widget_type=\"image.default\">\n\t\t\t\t<div class=\"elementor-widget-container\">\n\t\t\t\t\t\t\t\t\t\t\t\t\t<img fetchpriority=\"high\" decoding=\"async\" width=\"300\" height=\"212\" src=\"https:\/\/kibedaboca.com.br\/wp-content\/uploads\/2024\/10\/4-copiar-300x212.png\" class=\"attachment-medium size-medium wp-image-64\" alt=\"Cardapio Kibe da Boca\" srcset=\"https:\/\/kibedaboca.com.br\/wp-content\/uploads\/2024\/10\/4-copiar-300x212.png 300w, https:\/\/kibedaboca.com.br\/wp-content\/uploads\/2024\/10\/4-copiar-1024x724.png 1024w, https:\/\/kibedaboca.com.br\/wp-content\/uploads\/2024\/10\/4-copiar-768x543.png 768w, https:\/\/kibedaboca.com.br\/wp-content\/uploads\/2024\/10\/4-copiar-1536x1086.png 1536w, https:\/\/kibedaboca.com.br\/wp-content\/uploads\/2024\/10\/4-copiar-2048x1449.png 2048w\" sizes=\"(max-width: 300px) 100vw, 300px\" \/>\t\t\t\t\t\t\t\t\t\t\t\t\t<\/div>\n\t\t\t\t<\/div>\n\t\t\t\t<div class=\"elementor-element elementor-element-a887ea2 elementor-invisible elementor-widget elementor-widget-image\" data-id=\"a887ea2\" data-element_type=\"widget\" data-settings=\"{&quot;_animation&quot;:&quot;zoomIn&quot;}\" data-widget_type=\"image.default\">\n\t\t\t\t<div class=\"elementor-widget-container\">\n\t\t\t\t\t\t\t\t\t\t\t\t\t\t<a href=\"https:\/\/www.ifood.com.br\/delivery\/curitiba-pr\/kibe-da-boca-centro\/047e6c7d-89bc-4e49-8eaf-cc1ba65d0d3b\" target=\"_blank\">\n\t\t\t\t\t\t\t<img decoding=\"async\" width=\"300\" height=\"212\" src=\"https:\/\/kibedaboca.com.br\/wp-content\/uploads\/2024\/10\/delivery-300x212.png\" class=\"attachment-medium size-medium wp-image-63\" alt=\"Delivery iFood Kibe da Boca\" srcset=\"https:\/\/kibedaboca.com.br\/wp-content\/uploads\/2024\/10\/delivery-300x212.png 300w, https:\/\/kibedaboca.com.br\/wp-content\/uploads\/2024\/10\/delivery-1024x725.png 1024w, https:\/\/kibedaboca.com.br\/wp-content\/uploads\/2024\/10\/delivery-768x543.png 768w, https:\/\/kibedaboca.com.br\/wp-content\/uploads\/2024\/10\/delivery-1536x1087.png 1536w, https:\/\/kibedaboca.com.br\/wp-content\/uploads\/2024\/10\/delivery-2048x1449.png 2048w\" sizes=\"(max-width: 300px) 100vw, 300px\" \/>\t\t\t\t\t\t\t\t<\/a>\n\t\t\t\t\t\t\t\t\t\t\t\t\t<\/div>\n\t\t\t\t<\/div>\n\t\t\t\t<div class=\"elementor-element elementor-element-f1b36f1 elementor-invisible elementor-widget elementor-widget-image\" data-id=\"f1b36f1\" data-element_type=\"widget\" data-settings=\"{&quot;_animation&quot;:&quot;zoomIn&quot;}\" data-widget_type=\"image.default\">\n\t\t\t\t<div class=\"elementor-widget-container\">\n\t\t\t\t\t\t\t\t\t\t\t\t\t\t<a href=\"https:\/\/web.whatsapp.com\/send\/?phone=554198508350&#038;text=Ol%C3%A1.+Venho+atrav%C3%A9s+do+site+Kibe+da+Boca+e+gostaria+de+fazer+uma+encomenda%21\" target=\"_blank\">\n\t\t\t\t\t\t\t<img decoding=\"async\" width=\"300\" height=\"212\" src=\"https:\/\/kibedaboca.com.br\/wp-content\/uploads\/2024\/10\/encomendas-300x212.png\" class=\"attachment-medium size-medium wp-image-65\" alt=\"Encomendas Kibe da Boca\" srcset=\"https:\/\/kibedaboca.com.br\/wp-content\/uploads\/2024\/10\/encomendas-300x212.png 300w, https:\/\/kibedaboca.com.br\/wp-content\/uploads\/2024\/10\/encomendas-1024x724.png 1024w, https:\/\/kibedaboca.com.br\/wp-content\/uploads\/2024\/10\/encomendas-768x543.png 768w, https:\/\/kibedaboca.com.br\/wp-content\/uploads\/2024\/10\/encomendas-1536x1086.png 1536w, https:\/\/kibedaboca.com.br\/wp-content\/uploads\/2024\/10\/encomendas.png 1756w\" sizes=\"(max-width: 300px) 100vw, 300px\" \/>\t\t\t\t\t\t\t\t<\/a>\n\t\t\t\t\t\t\t\t\t\t\t\t\t<\/div>\n\t\t\t\t<\/div>\n\t\t\t\t\t<\/div>\n\t\t\t\t<\/div>\n\t\t<div class=\"elementor-element elementor-element-cc3ddab e-grid e-con-boxed e-con e-parent\" data-id=\"cc3ddab\" data-element_type=\"container\">\n\t\t\t\t\t<div class=\"e-con-inner\">\n\t\t\t\t<div class=\"elementor-element elementor-element-bd31e17 elementor-widget__width-auto elementor-align-center elementor-mobile-align-center elementor-widget elementor-widget-button\" data-id=\"bd31e17\" data-element_type=\"widget\" data-widget_type=\"button.default\">\n\t\t\t\t<div class=\"elementor-widget-container\">\n\t\t\t\t\t\t\t<div class=\"elementor-button-wrapper\">\n\t\t\t\t\t<a class=\"elementor-button elementor-button-link elementor-size-sm\" href=\"https:\/\/www.instagram.com\/stories\/highlights\/18068077423975711\/\">\n\t\t\t\t\t\t<span class=\"elementor-button-content-wrapper\">\n\t\t\t\t\t\t\t\t\t<span class=\"elementor-button-text\">Nosso card\u00e1pio<\/span>\n\t\t\t\t\t<\/span>\n\t\t\t\t\t<\/a>\n\t\t\t\t<\/div>\n\t\t\t\t\t\t<\/div>\n\t\t\t\t<\/div>\n\t\t\t\t<div class=\"elementor-element elementor-element-7d05791 elementor-widget__width-auto elementor-align-center elementor-widget elementor-widget-button\" data-id=\"7d05791\" data-element_type=\"widget\" data-widget_type=\"button.default\">\n\t\t\t\t<div class=\"elementor-widget-container\">\n\t\t\t\t\t\t\t<div class=\"elementor-button-wrapper\">\n\t\t\t\t\t<a class=\"elementor-button elementor-button-link elementor-size-sm\" href=\"https:\/\/www.ifood.com.br\/delivery\/curitiba-pr\/kibe-da-boca-centro\/047e6c7d-89bc-4e49-8eaf-cc1ba65d0d3b\" target=\"_blank\">\n\t\t\t\t\t\t<span class=\"elementor-button-content-wrapper\">\n\t\t\t\t\t\t\t\t\t<span class=\"elementor-button-text\">Pe\u00e7a no iFood<\/span>\n\t\t\t\t\t<\/span>\n\t\t\t\t\t<\/a>\n\t\t\t\t<\/div>\n\t\t\t\t\t\t<\/div>\n\t\t\t\t<\/div>\n\t\t\t\t<div class=\"elementor-element elementor-element-a58a7b9 elementor-widget__width-auto elementor-widget elementor-widget-button\" data-id=\"a58a7b9\" data-element_type=\"widget\" data-widget_type=\"button.default\">\n\t\t\t\t<div class=\"elementor-widget-container\">\n\t\t\t\t\t\t\t<div class=\"elementor-button-wrapper\">\n\t\t\t\t\t<a class=\"elementor-button elementor-button-link elementor-size-sm\" href=\"https:\/\/kibedaboca.menulegal.app\/\">\n\t\t\t\t\t\t<span class=\"elementor-button-content-wrapper\">\n\t\t\t\t\t\t\t\t\t<span class=\"elementor-button-text\">Encomende Conosco para retirarada na Loja<\/span>\n\t\t\t\t\t<\/span>\n\t\t\t\t\t<\/a>\n\t\t\t\t<\/div>\n\t\t\t\t\t\t<\/div>\n\t\t\t\t<\/div>\n\t\t\t\t\t<\/div>\n\t\t\t\t<\/div>\n\t\t<div class=\"elementor-element elementor-element-17d0474 e-flex e-con-boxed e-con e-parent\" data-id=\"17d0474\" data-element_type=\"container\">\n\t\t\t\t\t<div class=\"e-con-inner\">\n\t\t<div class=\"elementor-element elementor-element-456e24b e-con-full e-flex e-con e-child\" data-id=\"456e24b\" data-element_type=\"container\">\n\t\t\t\t<div class=\"elementor-element elementor-element-d74322b elementor-widget__width-initial elementor-invisible elementor-widget elementor-widget-image\" data-id=\"d74322b\" data-element_type=\"widget\" data-settings=\"{&quot;_animation&quot;:&quot;bounceIn&quot;}\" data-widget_type=\"image.default\">\n\t\t\t\t<div class=\"elementor-widget-container\">\n\t\t\t\t\t\t\t\t\t\t\t\t\t<img loading=\"lazy\" decoding=\"async\" width=\"768\" height=\"543\" src=\"https:\/\/kibedaboca.com.br\/wp-content\/uploads\/2024\/10\/siga-nossas-redes-e1730238515373-768x543.png\" class=\"attachment-medium_large size-medium_large wp-image-58\" alt=\"\" srcset=\"https:\/\/kibedaboca.com.br\/wp-content\/uploads\/2024\/10\/siga-nossas-redes-e1730238515373-768x543.png 768w, https:\/\/kibedaboca.com.br\/wp-content\/uploads\/2024\/10\/siga-nossas-redes-e1730238515373-300x212.png 300w, https:\/\/kibedaboca.com.br\/wp-content\/uploads\/2024\/10\/siga-nossas-redes-e1730238515373-1024x724.png 1024w, https:\/\/kibedaboca.com.br\/wp-content\/uploads\/2024\/10\/siga-nossas-redes-e1730238515373-1536x1085.png 1536w, https:\/\/kibedaboca.com.br\/wp-content\/uploads\/2024\/10\/siga-nossas-redes-e1730238515373-2048x1447.png 2048w\" sizes=\"(max-width: 768px) 100vw, 768px\" \/>\t\t\t\t\t\t\t\t\t\t\t\t\t<\/div>\n\t\t\t\t<\/div>\n\t\t\t\t<\/div>\n\t\t<div class=\"elementor-element elementor-element-b43903c e-con-full e-flex e-con e-child\" data-id=\"b43903c\" data-element_type=\"container\">\n\t\t<div class=\"elementor-element elementor-element-810e1ce e-con-full e-flex e-con e-child\" data-id=\"810e1ce\" data-element_type=\"container\">\n\t\t\t\t<div class=\"elementor-element elementor-element-e7290e6 elementor-widget-mobile__width-auto elementor-invisible elementor-widget elementor-widget-text-editor\" data-id=\"e7290e6\" data-element_type=\"widget\" data-settings=\"{&quot;_animation&quot;:&quot;slideInRight&quot;}\" data-widget_type=\"text-editor.default\">\n\t\t\t\t<div class=\"elementor-widget-container\">\n\t\t\t\t\t\t\t<h1>Siga nossas redes sociais!<\/h1>\t\t\t\t\t\t<\/div>\n\t\t\t\t<\/div>\n\t\t\t\t<\/div>\n\t\t<div class=\"elementor-element elementor-element-cb13e9f e-con-full e-flex e-con e-child\" data-id=\"cb13e9f\" data-element_type=\"container\">\n\t\t<div class=\"elementor-element elementor-element-ae9e67f e-con-full e-flex e-con e-child\" data-id=\"ae9e67f\" data-element_type=\"container\">\n\t\t\t\t<div class=\"elementor-element elementor-element-1ee6953 elementor-shape-circle elementor-grid-tablet-0 elementor-grid-mobile-0 elementor-grid-0 e-grid-align-center elementor-invisible elementor-widget elementor-widget-social-icons\" data-id=\"1ee6953\" data-element_type=\"widget\" data-settings=\"{&quot;_animation&quot;:&quot;rotateIn&quot;}\" data-widget_type=\"social-icons.default\">\n\t\t\t\t<div class=\"elementor-widget-container\">\n\t\t\t\t\t<div class=\"elementor-social-icons-wrapper elementor-grid\">\n\t\t\t\t\t\t\t<span class=\"elementor-grid-item\">\n\t\t\t\t\t<a class=\"elementor-icon elementor-social-icon elementor-social-icon-facebook elementor-repeater-item-055e258\" href=\"https:\/\/www.facebook.com\/kibedabocacuritiba\/?locale=pt_BR\" target=\"_blank\">\n\t\t\t\t\t\t<span class=\"elementor-screen-only\">Facebook<\/span>\n\t\t\t\t\t\t<svg class=\"e-font-icon-svg e-fab-facebook\" viewBox=\"0 0 512 512\" xmlns=\"http:\/\/www.w3.org\/2000\/svg\"><path d=\"M504 256C504 119 393 8 256 8S8 119 8 256c0 123.78 90.69 226.38 209.25 245V327.69h-63V256h63v-54.64c0-62.15 37-96.48 93.67-96.48 27.14 0 55.52 4.84 55.52 4.84v61h-31.28c-30.8 0-40.41 19.12-40.41 38.73V256h68.78l-11 71.69h-57.78V501C413.31 482.38 504 379.78 504 256z\"><\/path><\/svg>\t\t\t\t\t<\/a>\n\t\t\t\t<\/span>\n\t\t\t\t\t\t\t<span class=\"elementor-grid-item\">\n\t\t\t\t\t<a class=\"elementor-icon elementor-social-icon elementor-social-icon-instagram elementor-repeater-item-acc831e\" href=\"https:\/\/www.instagram.com\/kibedaboca\" target=\"_blank\">\n\t\t\t\t\t\t<span class=\"elementor-screen-only\">Instagram<\/span>\n\t\t\t\t\t\t<svg class=\"e-font-icon-svg e-fab-instagram\" viewBox=\"0 0 448 512\" xmlns=\"http:\/\/www.w3.org\/2000\/svg\"><path d=\"M224.1 141c-63.6 0-114.9 51.3-114.9 114.9s51.3 114.9 114.9 114.9S339 319.5 339 255.9 287.7 141 224.1 141zm0 189.6c-41.1 0-74.7-33.5-74.7-74.7s33.5-74.7 74.7-74.7 74.7 33.5 74.7 74.7-33.6 74.7-74.7 74.7zm146.4-194.3c0 14.9-12 26.8-26.8 26.8-14.9 0-26.8-12-26.8-26.8s12-26.8 26.8-26.8 26.8 12 26.8 26.8zm76.1 27.2c-1.7-35.9-9.9-67.7-36.2-93.9-26.2-26.2-58-34.4-93.9-36.2-37-2.1-147.9-2.1-184.9 0-35.8 1.7-67.6 9.9-93.9 36.1s-34.4 58-36.2 93.9c-2.1 37-2.1 147.9 0 184.9 1.7 35.9 9.9 67.7 36.2 93.9s58 34.4 93.9 36.2c37 2.1 147.9 2.1 184.9 0 35.9-1.7 67.7-9.9 93.9-36.2 26.2-26.2 34.4-58 36.2-93.9 2.1-37 2.1-147.8 0-184.8zM398.8 388c-7.8 19.6-22.9 34.7-42.6 42.6-29.5 11.7-99.5 9-132.1 9s-102.7 2.6-132.1-9c-19.6-7.8-34.7-22.9-42.6-42.6-11.7-29.5-9-99.5-9-132.1s-2.6-102.7 9-132.1c7.8-19.6 22.9-34.7 42.6-42.6 29.5-11.7 99.5-9 132.1-9s102.7-2.6 132.1 9c19.6 7.8 34.7 22.9 42.6 42.6 11.7 29.5 9 99.5 9 132.1s2.7 102.7-9 132.1z\"><\/path><\/svg>\t\t\t\t\t<\/a>\n\t\t\t\t<\/span>\n\t\t\t\t\t<\/div>\n\t\t\t\t<\/div>\n\t\t\t\t<\/div>\n\t\t\t\t<\/div>\n\t\t<div class=\"elementor-element elementor-element-8a45246 e-con-full e-flex e-con e-child\" data-id=\"8a45246\" data-element_type=\"container\">\n\t\t\t\t<\/div>\n\t\t\t\t<\/div>\n\t\t\t\t<\/div>\n\t\t\t\t\t<\/div>\n\t\t\t\t<\/div>\n\t\t\t\t<\/div>\n\t\t","protected":false},"excerpt":{"rendered":"<p>O Kibe da Boca \u00e9 uma lanchonete tradicional de Curitiba. Aqui voc\u00ea conhece um pouco mais sobre nossa hist\u00f3ria, nossa localidade, nosso card\u00e1pio e tamb\u00e9m consegue fazer sua encomenda diretamente conosco ou pelo iFood!<\/p>\n","protected":false},"author":1,"featured_media":0,"parent":0,"menu_order":0,"comment_status":"closed","ping_status":"closed","template":"","meta":{"footnotes":""},"class_list":["post-40","page","type-page","status-publish","hentry"],"yoast_head":"<!-- This site is optimized with the Yoast SEO plugin v23.7 - https:\/\/yoast.com\/wordpress\/plugins\/seo\/ -->\n<title>- Kibe da Boca<\/title>\n<meta name=\"description\" content=\"O Kibe da Boca \u00e9 uma lanchonete tradicional em Curitiba. Aqui voc\u00ea conhece mais sobre nossa hist\u00f3ria, nosso card\u00e1pio e realiza sua encomenda!\" \/>\n<meta name=\"robots\" content=\"index, follow, max-snippet:-1, max-image-preview:large, max-video-preview:-1\" \/>\n<link rel=\"canonical\" href=\"https:\/\/kibedaboca.com.br\/\" \/>\n<meta property=\"og:locale\" content=\"pt_BR\" \/>\n<meta property=\"og:type\" content=\"article\" \/>\n<meta property=\"og:title\" content=\"- Kibe da Boca\" \/>\n<meta property=\"og:description\" content=\"O Kibe da Boca \u00e9 uma lanchonete tradicional em Curitiba. Aqui voc\u00ea conhece mais sobre nossa hist\u00f3ria, nosso card\u00e1pio e realiza sua encomenda!\" \/>\n<meta property=\"og:url\" content=\"https:\/\/kibedaboca.com.br\/\" \/>\n<meta property=\"og:site_name\" content=\"Kibe da Boca\" \/>\n<meta property=\"article:modified_time\" content=\"2026-03-25T03:29:52+00:00\" \/>\n<meta property=\"og:image\" content=\"https:\/\/kibedaboca.com.br\/wp-content\/uploads\/2024\/10\/4-copiar-1024x724.png\" \/>\n\t<meta property=\"og:image:width\" content=\"1024\" \/>\n\t<meta property=\"og:image:height\" content=\"724\" \/>\n\t<meta property=\"og:image:type\" content=\"image\/png\" \/>\n<meta name=\"twitter:card\" content=\"summary_large_image\" \/>\n<meta name=\"twitter:label1\" content=\"Est. tempo de leitura\" \/>\n\t<meta name=\"twitter:data1\" content=\"2 minutos\" \/>\n<script type=\"application\/ld+json\" class=\"yoast-schema-graph\">{\"@context\":\"https:\/\/schema.org\",\"@graph\":[{\"@type\":\"WebPage\",\"@id\":\"https:\/\/kibedaboca.com.br\/\",\"url\":\"https:\/\/kibedaboca.com.br\/\",\"name\":\"- Kibe da Boca\",\"isPartOf\":{\"@id\":\"https:\/\/kibedaboca.com.br\/#website\"},\"primaryImageOfPage\":{\"@id\":\"https:\/\/kibedaboca.com.br\/#primaryimage\"},\"image\":{\"@id\":\"https:\/\/kibedaboca.com.br\/#primaryimage\"},\"thumbnailUrl\":\"https:\/\/kibedaboca.com.br\/wp-content\/uploads\/2024\/10\/4-copiar-300x212.png\",\"datePublished\":\"2024-10-29T20:38:08+00:00\",\"dateModified\":\"2026-03-25T03:29:52+00:00\",\"description\":\"O Kibe da Boca \u00e9 uma lanchonete tradicional em Curitiba. Aqui voc\u00ea conhece mais sobre nossa hist\u00f3ria, nosso card\u00e1pio e realiza sua encomenda!\",\"inLanguage\":\"pt-BR\",\"potentialAction\":[{\"@type\":\"ReadAction\",\"target\":[\"https:\/\/kibedaboca.com.br\/\"]}]},{\"@type\":\"ImageObject\",\"inLanguage\":\"pt-BR\",\"@id\":\"https:\/\/kibedaboca.com.br\/#primaryimage\",\"url\":\"https:\/\/kibedaboca.com.br\/wp-content\/uploads\/2024\/10\/4-copiar.png\",\"contentUrl\":\"https:\/\/kibedaboca.com.br\/wp-content\/uploads\/2024\/10\/4-copiar.png\",\"width\":3512,\"height\":2484,\"caption\":\"Cardapio Kibe da Boca\"},{\"@type\":\"WebSite\",\"@id\":\"https:\/\/kibedaboca.com.br\/#website\",\"url\":\"https:\/\/kibedaboca.com.br\/\",\"name\":\"Kibe da Boca\",\"description\":\"Os melhores lanches de Curitiba e regi\u00e3o\",\"publisher\":{\"@id\":\"https:\/\/kibedaboca.com.br\/#organization\"},\"potentialAction\":[{\"@type\":\"SearchAction\",\"target\":{\"@type\":\"EntryPoint\",\"urlTemplate\":\"https:\/\/kibedaboca.com.br\/?s={search_term_string}\"},\"query-input\":{\"@type\":\"PropertyValueSpecification\",\"valueRequired\":true,\"valueName\":\"search_term_string\"}}],\"inLanguage\":\"pt-BR\"},{\"@type\":\"Organization\",\"@id\":\"https:\/\/kibedaboca.com.br\/#organization\",\"name\":\"Kibe da Boca\",\"url\":\"https:\/\/kibedaboca.com.br\/\",\"logo\":{\"@type\":\"ImageObject\",\"inLanguage\":\"pt-BR\",\"@id\":\"https:\/\/kibedaboca.com.br\/#\/schema\/logo\/image\/\",\"url\":\"https:\/\/kibedaboca.com.br\/wp-content\/uploads\/2024\/10\/cropped-cropped-kibe-da-boca-logo.png\",\"contentUrl\":\"https:\/\/kibedaboca.com.br\/wp-content\/uploads\/2024\/10\/cropped-cropped-kibe-da-boca-logo.png\",\"width\":2184,\"height\":1941,\"caption\":\"Kibe da Boca\"},\"image\":{\"@id\":\"https:\/\/kibedaboca.com.br\/#\/schema\/logo\/image\/\"}}]}<\/script>\n<!-- \/ Yoast SEO plugin. -->","yoast_head_json":{"title":"- Kibe da Boca","description":"O Kibe da Boca \u00e9 uma lanchonete tradicional em Curitiba. Aqui voc\u00ea conhece mais sobre nossa hist\u00f3ria, nosso card\u00e1pio e realiza sua encomenda!","robots":{"index":"index","follow":"follow","max-snippet":"max-snippet:-1","max-image-preview":"max-image-preview:large","max-video-preview":"max-video-preview:-1"},"canonical":"https:\/\/kibedaboca.com.br\/","og_locale":"pt_BR","og_type":"article","og_title":"- Kibe da Boca","og_description":"O Kibe da Boca \u00e9 uma lanchonete tradicional em Curitiba. Aqui voc\u00ea conhece mais sobre nossa hist\u00f3ria, nosso card\u00e1pio e realiza sua encomenda!","og_url":"https:\/\/kibedaboca.com.br\/","og_site_name":"Kibe da Boca","article_modified_time":"2026-03-25T03:29:52+00:00","og_image":[{"width":1024,"height":724,"url":"https:\/\/kibedaboca.com.br\/wp-content\/uploads\/2024\/10\/4-copiar-1024x724.png","type":"image\/png"}],"twitter_card":"summary_large_image","twitter_misc":{"Est. tempo de leitura":"2 minutos"},"schema":{"@context":"https:\/\/schema.org","@graph":[{"@type":"WebPage","@id":"https:\/\/kibedaboca.com.br\/","url":"https:\/\/kibedaboca.com.br\/","name":"- Kibe da Boca","isPartOf":{"@id":"https:\/\/kibedaboca.com.br\/#website"},"primaryImageOfPage":{"@id":"https:\/\/kibedaboca.com.br\/#primaryimage"},"image":{"@id":"https:\/\/kibedaboca.com.br\/#primaryimage"},"thumbnailUrl":"https:\/\/kibedaboca.com.br\/wp-content\/uploads\/2024\/10\/4-copiar-300x212.png","datePublished":"2024-10-29T20:38:08+00:00","dateModified":"2026-03-25T03:29:52+00:00","description":"O Kibe da Boca \u00e9 uma lanchonete tradicional em Curitiba. Aqui voc\u00ea conhece mais sobre nossa hist\u00f3ria, nosso card\u00e1pio e realiza sua encomenda!","inLanguage":"pt-BR","potentialAction":[{"@type":"ReadAction","target":["https:\/\/kibedaboca.com.br\/"]}]},{"@type":"ImageObject","inLanguage":"pt-BR","@id":"https:\/\/kibedaboca.com.br\/#primaryimage","url":"https:\/\/kibedaboca.com.br\/wp-content\/uploads\/2024\/10\/4-copiar.png","contentUrl":"https:\/\/kibedaboca.com.br\/wp-content\/uploads\/2024\/10\/4-copiar.png","width":3512,"height":2484,"caption":"Cardapio Kibe da Boca"},{"@type":"WebSite","@id":"https:\/\/kibedaboca.com.br\/#website","url":"https:\/\/kibedaboca.com.br\/","name":"Kibe da Boca","description":"Os melhores lanches de Curitiba e regi\u00e3o","publisher":{"@id":"https:\/\/kibedaboca.com.br\/#organization"},"potentialAction":[{"@type":"SearchAction","target":{"@type":"EntryPoint","urlTemplate":"https:\/\/kibedaboca.com.br\/?s={search_term_string}"},"query-input":{"@type":"PropertyValueSpecification","valueRequired":true,"valueName":"search_term_string"}}],"inLanguage":"pt-BR"},{"@type":"Organization","@id":"https:\/\/kibedaboca.com.br\/#organization","name":"Kibe da Boca","url":"https:\/\/kibedaboca.com.br\/","logo":{"@type":"ImageObject","inLanguage":"pt-BR","@id":"https:\/\/kibedaboca.com.br\/#\/schema\/logo\/image\/","url":"https:\/\/kibedaboca.com.br\/wp-content\/uploads\/2024\/10\/cropped-cropped-kibe-da-boca-logo.png","contentUrl":"https:\/\/kibedaboca.com.br\/wp-content\/uploads\/2024\/10\/cropped-cropped-kibe-da-boca-logo.png","width":2184,"height":1941,"caption":"Kibe da Boca"},"image":{"@id":"https:\/\/kibedaboca.com.br\/#\/schema\/logo\/image\/"}}]}},"_links":{"self":[{"href":"https:\/\/kibedaboca.com.br\/index.php?rest_route=\/wp\/v2\/pages\/40","targetHints":{"allow":["GET"]}}],"collection":[{"href":"https:\/\/kibedaboca.com.br\/index.php?rest_route=\/wp\/v2\/pages"}],"about":[{"href":"https:\/\/kibedaboca.com.br\/index.php?rest_route=\/wp\/v2\/types\/page"}],"author":[{"embeddable":true,"href":"https:\/\/kibedaboca.com.br\/index.php?rest_route=\/wp\/v2\/users\/1"}],"replies":[{"embeddable":true,"href":"https:\/\/kibedaboca.com.br\/index.php?rest_route=%2Fwp%2Fv2%2Fcomments&post=40"}],"version-history":[{"count":54,"href":"https:\/\/kibedaboca.com.br\/index.php?rest_route=\/wp\/v2\/pages\/40\/revisions"}],"predecessor-version":[{"id":114,"href":"https:\/\/kibedaboca.com.br\/index.php?rest_route=\/wp\/v2\/pages\/40\/revisions\/114"}],"wp:attachment":[{"href":"https:\/\/kibedaboca.com.br\/index.php?rest_route=%2Fwp%2Fv2%2Fmedia&parent=40"}],"curies":[{"name":"wp","href":"https:\/\/api.w.org\/{rel}","templated":true}]}}